{"id":17,"date":"2023-11-16T20:23:00","date_gmt":"2023-11-16T20:23:00","guid":{"rendered":"https:\/\/www.insurancespecialistshealth.com\/?page_id=17"},"modified":"2024-09-26T21:37:51","modified_gmt":"2024-09-26T21:37:51","slug":"contact","status":"publish","type":"page","link":"https:\/\/jainsurancegroup.com\/?page_id=17","title":{"rendered":"Tabla de ingresos"},"content":{"rendered":"\n<h2 class=\"wp-block-heading has-text-align-center\">Realiza tu verificaci\u00f3n de Ingresos<\/h2>\n\n\n\n<div class=\"wp-block-columns is-layout-flex wp-container-2\">\n<div class=\"wp-block-column is-vertically-aligned-center is-layout-flow\">\n<figure class=\"wp-block-image size-large\"><img fetchpriority=\"high\" decoding=\"async\" width=\"1024\" height=\"395\" src=\"https:\/\/www.insurancespecialistshealth.com\/wp-content\/uploads\/2023\/12\/tabla1_Mesa-de-trabajo-1-1024x395.jpg\" alt=\"\" class=\"wp-image-110\" srcset=\"https:\/\/jainsurancegroup.com\/wp-content\/uploads\/2023\/12\/tabla1_Mesa-de-trabajo-1-1024x395.jpg 1024w, https:\/\/jainsurancegroup.com\/wp-content\/uploads\/2023\/12\/tabla1_Mesa-de-trabajo-1-300x116.jpg 300w, https:\/\/jainsurancegroup.com\/wp-content\/uploads\/2023\/12\/tabla1_Mesa-de-trabajo-1-768x297.jpg 768w, https:\/\/jainsurancegroup.com\/wp-content\/uploads\/2023\/12\/tabla1_Mesa-de-trabajo-1-1536x593.jpg 1536w, https:\/\/jainsurancegroup.com\/wp-content\/uploads\/2023\/12\/tabla1_Mesa-de-trabajo-1-2048x791.jpg 2048w\" sizes=\"(max-width: 1024px) 100vw, 1024px\" \/><\/figure>\n<\/div>\n<\/div>\n\n\n\n<a href=\"tel:17863212898\">\u00bfNecesitas un Seguro M\u00e9dico? Ll\u00e1manos Y\u00e1<\/a>\n\n\n\n<div class=\"wp-block-columns container is-layout-flex wp-container-9\">\n<div class=\"wp-block-column is-vertically-aligned-center is-layout-flow\">\n<h2 class=\"wp-block-heading hestia-title\">Open Enrollment 2024<\/h2>\n\n\n\n<p><strong>Deja tu nombre y n\u00famero<\/strong>&nbsp;y te llamaremos enseguida!<\/p>\n\n\n\n<div style=\"height:40px\" aria-hidden=\"true\" class=\"wp-block-spacer\"><\/div>\n\n\n<div class=\"wpforms-container wpforms-container-full\" id=\"wpforms-63\"><form id=\"wpforms-form-63\" class=\"wpforms-validate wpforms-form\" data-formid=\"63\" method=\"post\" enctype=\"multipart\/form-data\" action=\"\/index.php?rest_route=%2Fwp%2Fv2%2Fpages%2F17\" data-token=\"14402210edb8a2dc94c2bd357f0213a5\"><noscript class=\"wpforms-error-noscript\">Please enable JavaScript in your browser to complete this form.<\/noscript><div class=\"wpforms-field-container\"><div id=\"wpforms-63-field_0-container\" class=\"wpforms-field wpforms-field-name wpforms-one-half wpforms-first\" data-field-id=\"0\"><label class=\"wpforms-field-label wpforms-label-hide\" for=\"wpforms-63-field_0\">Nombre y apellido <span class=\"wpforms-required-label\">*<\/span><\/label><input type=\"text\" id=\"wpforms-63-field_0\" class=\"wpforms-field-large wpforms-field-required\" name=\"wpforms[fields][0]\" placeholder=\"Nombre y apellido\" required><\/div><div id=\"wpforms-63-field_8-container\" class=\"wpforms-field wpforms-field-text\" data-field-id=\"8\"><label class=\"wpforms-field-label\" for=\"wpforms-63-field_8\">Celular<\/label><input type=\"text\" id=\"wpforms-63-field_8\" class=\"wpforms-field-medium\" name=\"wpforms[fields][8]\" ><\/div><div id=\"wpforms-63-field_7-container\" class=\"wpforms-field wpforms-field-text\" data-field-id=\"7\"><label class=\"wpforms-field-label\" for=\"wpforms-63-field_7\">Codigo Postal<\/label><input type=\"text\" id=\"wpforms-63-field_7\" class=\"wpforms-field-medium\" name=\"wpforms[fields][7]\" placeholder=\"C\u00f3digo postal\" ><\/div><div id=\"wpforms-63-field_2-container\" class=\"wpforms-field wpforms-field-textarea\" data-field-id=\"2\"><label class=\"wpforms-field-label wpforms-label-hide\" for=\"wpforms-63-field_2\">Mensaje<\/label><textarea id=\"wpforms-63-field_2\" class=\"wpforms-field-medium\" name=\"wpforms[fields][2]\" placeholder=\"Mensaje\" ><\/textarea><\/div><\/div><!-- .wpforms-field-container --><div class=\"wpforms-submit-container\" ><input type=\"hidden\" name=\"wpforms[id]\" value=\"63\"><input type=\"hidden\" name=\"wpforms[author]\" value=\"1\"><button type=\"submit\" name=\"wpforms[submit]\" id=\"wpforms-submit-63\" class=\"wpforms-submit\" data-alt-text=\"Enviando\" data-submit-text=\"Enviar  mensaje\" aria-live=\"assertive\" value=\"wpforms-submit\">Enviar  mensaje<\/button><\/div><\/form><\/div>  <!-- .wpforms-container -->\n<\/div>\n\n\n\n<div class=\"wp-block-column is-vertically-aligned-center is-layout-flow\">\n<div class=\"wp-block-columns is-layout-flex wp-container-7\">\n<div class=\"wp-block-column is-layout-flow\"><\/div>\n\n\n\n<div class=\"wp-block-column is-layout-flow\" style=\"flex-basis:50%\">\n<h4 class=\"wp-block-heading has-text-align-left hestia-title has-text-color\" style=\"color:#3c4858;font-size:18px\"><img decoding=\"async\" class=\"wp-image-86\" style=\"width: 25px;\" src=\"https:\/\/www.insurancespecialistshealth.com\/wp-content\/themes\/hestia\/assets\/img\/contact1.png\" alt=\"Map icon\">  <strong>Ubicaci\u00f3n<\/strong><\/h4>\n\n\n\n<p class=\"has-text-align-left has-text-color\" style=\"color:#999999;font-size:14px\">Miami, Florida<\/p>\n\n\n\n<div style=\"height:40px\" aria-hidden=\"true\" class=\"wp-block-spacer\"><\/div>\n\n\n\n<h4 class=\"wp-block-heading has-text-align-left hestia-title has-text-color\" style=\"color:#3c4858;font-size:18px\"><img decoding=\"async\" class=\"wp-image-98\" style=\"width: 25px;\" src=\"https:\/\/www.insurancespecialistshealth.com\/wp-content\/themes\/hestia\/assets\/img\/contact2.png\" alt=\"\">  <strong><strong>Llamanos<\/strong><\/strong><\/h4>\n\n\n\n<p class=\"has-text-align-left has-text-color\" style=\"color:#999999;font-size:14px\">Asesor<br>+1 (954) 665-1038<br>Lunes a Sabados de 8:00 am a 6:00 pm<\/p>\n\n\n\n<div style=\"height:40px\" aria-hidden=\"true\" class=\"wp-block-spacer\"><\/div>\n\n\n\n<h4 class=\"wp-block-heading has-text-align-left hestia-title has-text-color\" style=\"color:#3c4858;font-size:18px\"><img decoding=\"async\" class=\"wp-image-105\" style=\"width: 25px;\" src=\"https:\/\/www.insurancespecialistshealth.com\/wp-content\/themes\/hestia\/assets\/img\/contact3.png\" alt=\"\"><strong>  <strong>WhatsApp<\/strong><\/strong><\/h4>\n\n\n\n<p class=\"has-text-align-left has-text-color\" style=\"color:#999999;font-size:14px\">Asesor<br>9547600448<\/p>\n<\/div>\n\n\n\n<div class=\"wp-block-column is-layout-flow\"><\/div>\n<\/div>\n<\/div>\n<\/div>\n\n\n\n<p><\/p>\n","protected":false},"excerpt":{"rendered":"<p>Realiza tu verificaci\u00f3n de Ingresos \u00bfNecesitas un Seguro M\u00e9dico? Ll\u00e1manos Y\u00e1 Open Enrollment 2024 Deja tu nombre y n\u00famero&nbsp;y te llamaremos enseguida! Ubicaci\u00f3n Miami, Florida Llamanos Asesor+1 (954) 665-1038Lunes a Sabados de 8:00 am a 6:00 pm WhatsApp Asesor9547600448<\/p>\n","protected":false},"author":1,"featured_media":9,"parent":0,"menu_order":0,"comment_status":"closed","ping_status":"closed","template":"page-templates\/template-pagebuilder-full-width.php","meta":{"_joinchat":[]},"_links":{"self":[{"href":"https:\/\/jainsurancegroup.com\/index.php?rest_route=\/wp\/v2\/pages\/17"}],"collection":[{"href":"https:\/\/jainsurancegroup.com\/index.php?rest_route=\/wp\/v2\/pages"}],"about":[{"href":"https:\/\/jainsurancegroup.com\/index.php?rest_route=\/wp\/v2\/types\/page"}],"author":[{"embeddable":true,"href":"https:\/\/jainsurancegroup.com\/index.php?rest_route=\/wp\/v2\/users\/1"}],"replies":[{"embeddable":true,"href":"https:\/\/jainsurancegroup.com\/index.php?rest_route=%2Fwp%2Fv2%2Fcomments&post=17"}],"version-history":[{"count":13,"href":"https:\/\/jainsurancegroup.com\/index.php?rest_route=\/wp\/v2\/pages\/17\/revisions"}],"predecessor-version":[{"id":207,"href":"https:\/\/jainsurancegroup.com\/index.php?rest_route=\/wp\/v2\/pages\/17\/revisions\/207"}],"wp:featuredmedia":[{"embeddable":true,"href":"https:\/\/jainsurancegroup.com\/index.php?rest_route=\/wp\/v2\/media\/9"}],"wp:attachment":[{"href":"https:\/\/jainsurancegroup.com\/index.php?rest_route=%2Fwp%2Fv2%2Fmedia&parent=17"}],"curies":[{"name":"wp","href":"https:\/\/api.w.org\/{rel}","templated":true}]}}